{"id":20175,"date":"2022-09-13T09:24:25","date_gmt":"2022-09-13T07:24:25","guid":{"rendered":"https:\/\/jdk-shipservice.com\/kontaktiere-uns\/"},"modified":"2022-12-12T01:39:04","modified_gmt":"2022-12-12T00:39:04","slug":"kontaktiere-uns","status":"publish","type":"page","link":"https:\/\/jdk-shipservice.com\/de\/kontaktiere-uns\/","title":{"rendered":"Kontaktiere uns"},"content":{"rendered":"\t\t<div data-elementor-type=\"wp-page\" data-elementor-id=\"20175\" class=\"elementor elementor-20175 elementor-17342\">\n\t\t\t\t\t\t<section class=\"elementor-section elementor-top-section elementor-element elementor-element-ed3aae4 elementor-section-boxed elementor-section-height-default elementor-section-height-default sc_fly_static\" data-id=\"ed3aae4\" data-element_type=\"section\">\n\t\t\t\t\t\t<div class=\"elementor-container elementor-column-gap-no\">\n\t\t\t\t\t<div class=\"elementor-column elementor-col-100 elementor-top-column elementor-element elementor-element-6880957 sc_inner_width_none sc_content_align_inherit sc_layouts_column_icons_position_left sc_fly_static\" data-id=\"6880957\" data-element_type=\"column\">\n\t\t\t<div class=\"elementor-widget-wrap elementor-element-populated\">\n\t\t\t\t\t\t<div class=\"elementor-element elementor-element-e3c562c sc_height_huge sc_fly_static elementor-widget elementor-widget-spacer\" data-id=\"e3c562c\" data-element_type=\"widget\" data-widget_type=\"spacer.default\">\n\t\t\t\t<div class=\"elementor-widget-container\">\n\t\t\t\t\t\t\t<div class=\"elementor-spacer\">\n\t\t\t<div class=\"elementor-spacer-inner\"><\/div>\n\t\t<\/div>\n\t\t\t\t\t\t<\/div>\n\t\t\t\t<\/div>\n\t\t\t\t<section class=\"elementor-section elementor-inner-section elementor-element elementor-element-aca2304 elementor-section-boxed elementor-section-height-default elementor-section-height-default sc_fly_static\" data-id=\"aca2304\" data-element_type=\"section\">\n\t\t\t\t\t\t<div class=\"elementor-container elementor-column-gap-no\">\n\t\t\t\t\t<div class=\"elementor-column elementor-col-50 elementor-inner-column elementor-element elementor-element-18c62ca sc_inner_width_none sc_content_align_inherit sc_layouts_column_icons_position_left sc_fly_static\" data-id=\"18c62ca\" data-element_type=\"column\">\n\t\t\t<div class=\"elementor-widget-wrap elementor-element-populated\">\n\t\t\t\t\t\t<div class=\"elementor-element elementor-element-680c2db sc_fly_static elementor-widget elementor-widget-trx_sc_title\" data-id=\"680c2db\" data-element_type=\"widget\" data-widget_type=\"trx_sc_title.default\">\n\t\t\t\t<div class=\"elementor-widget-container\">\n\t\t\t\t\t<div\t\tclass=\"sc_title sc_title_default\" ><span class=\"sc_item_subtitle sc_title_subtitle sc_item_subtitle_above sc_item_title_style_default\">Kontaktiere uns<\/span><h1 class=\"sc_item_title sc_title_title sc_item_title_style_default sc_item_title_tag\"\n\t\t\t><span class=\"sc_item_title_text\">Habe Fragen? In Kontakt kommen!<\/span><\/h1><div class=\"sc_item_descr sc_title_descr\"><p>Wenn Sie an unseren Dienstleistungen interessiert sind, kontaktieren Sie uns bitte.<\/p>\n<\/div><\/div>\t\t\t\t<\/div>\n\t\t\t\t<\/div>\n\t\t\t\t<div class=\"elementor-element elementor-element-62ed942 sc_fly_static elementor-widget elementor-widget-spacer\" data-id=\"62ed942\" data-element_type=\"widget\" data-widget_type=\"spacer.default\">\n\t\t\t\t<div class=\"elementor-widget-container\">\n\t\t\t\t\t\t\t<div class=\"elementor-spacer\">\n\t\t\t<div class=\"elementor-spacer-inner\"><\/div>\n\t\t<\/div>\n\t\t\t\t\t\t<\/div>\n\t\t\t\t<\/div>\n\t\t\t\t<div class=\"elementor-element elementor-element-bdccf56 sc_fly_static elementor-widget elementor-widget-trx_sc_icons\" data-id=\"bdccf56\" data-element_type=\"widget\" data-widget_type=\"trx_sc_icons.default\">\n\t\t\t\t<div class=\"elementor-widget-container\">\n\t\t\t\t\t<div \tclass=\"sc_icons sc_icons_simple sc_icons_size_small sc_align_none\" ><div class=\"sc_icons_item with_more\"><div class=\"sc_icons_icon sc_icon_type_ icon-pin-1\" style=\"color: #2F39D3\" ><span class=\"sc_icon_type_ icon-pin-1\" style=\"color: #2F39D3\"><\/span><\/div><div class=\"sc_icons_item_details\"><div class=\"sc_icons_item_description\"><span>Slowakei<\/span><\/div><\/div><\/div><div class=\"sc_icons_item sc_icons_item_linked with_more\"><div class=\"sc_icons_icon sc_icon_type_ icon-smartphone-1\" style=\"color: #2F39D3\" ><span class=\"sc_icon_type_ icon-smartphone-1\" style=\"color: #2F39D3\"><\/span><\/div><div class=\"sc_icons_item_details\"><a href=\"tel:+421%20903%20701%20132\" class=\"sc_icons_item_more_link\">\n                        <span class=\"link_text\">+421 903 701 132<\/span><span class=\"link_icon\"><\/span>\n                        <\/a><a href=\"tel:+421%20903%20701%20132\"\n                        class=\"sc_icons_item_link\">\n                        <\/a><\/div><\/div><div class=\"sc_icons_item with_more\"><div class=\"sc_icons_icon sc_icon_type_ icon-email-3\" style=\"color: #2F39D3\" ><span class=\"sc_icon_type_ icon-email-3\" style=\"color: #2F39D3\"><\/span><\/div><div class=\"sc_icons_item_details\"><div class=\"sc_icons_item_description\"><span><a href=\"mailto:transport@jdk-shipservice.com\">transport@jdk-shipservice.com<\/a><\/span><\/div><\/div><\/div><div class=\"sc_icons_item with_more\"><div class=\"sc_icons_icon sc_icon_type_ icon-email-3\" style=\"color: #2F39D3\" ><span class=\"sc_icon_type_ icon-email-3\" style=\"color: #2F39D3\"><\/span><\/div><div class=\"sc_icons_item_details\"><div class=\"sc_icons_item_description\"><span><a href=\"mailto:office@jdk-shipservice.com\">office@jdk-shipservice.com<\/a><\/span><\/div><\/div><\/div><div class=\"sc_icons_item with_more\"><div class=\"sc_icons_icon sc_icon_type_ icon-email-3\" style=\"color: #2F39D3\" ><span class=\"sc_icon_type_ icon-email-3\" style=\"color: #2F39D3\"><\/span><\/div><div class=\"sc_icons_item_details\"><div class=\"sc_icons_item_description\"><span><a href=\"mailto:ship@jdk-shipservice.com\">ship@jdk-shipservice.com<\/a><\/span><\/div><\/div><\/div><div class=\"sc_icons_item with_more\"><div class=\"sc_icons_icon sc_icon_type_ icon-email-3\" style=\"color: #2F39D3\" ><span class=\"sc_icon_type_ icon-email-3\" style=\"color: #2F39D3\"><\/span><\/div><div class=\"sc_icons_item_details\"><div class=\"sc_icons_item_description\"><span><a href=\"mailto:dubis@jdk-shipservice.com\">dubis@jdk-shipservice.com<\/a><\/span><\/div><\/div><\/div><\/div><!-- \/.sc_icons -->\t\t\t\t<\/div>\n\t\t\t\t<\/div>\n\t\t\t\t\t<\/div>\n\t\t<\/div>\n\t\t\t\t<div class=\"elementor-column elementor-col-50 elementor-inner-column elementor-element elementor-element-2434c9f sc_inner_width_none sc_content_align_inherit sc_layouts_column_icons_position_left sc_fly_static\" data-id=\"2434c9f\" data-element_type=\"column\">\n\t\t\t<div class=\"elementor-widget-wrap elementor-element-populated\">\n\t\t\t\t\t\t<div class=\"elementor-element elementor-element-d40efc9 sc_fly_static elementor-widget elementor-widget-spacer\" data-id=\"d40efc9\" data-element_type=\"widget\" data-widget_type=\"spacer.default\">\n\t\t\t\t<div class=\"elementor-widget-container\">\n\t\t\t\t\t\t\t<div class=\"elementor-spacer\">\n\t\t\t<div class=\"elementor-spacer-inner\"><\/div>\n\t\t<\/div>\n\t\t\t\t\t\t<\/div>\n\t\t\t\t<\/div>\n\t\t\t\t<div class=\"elementor-element elementor-element-ddb5885 sc_fly_static elementor-widget elementor-widget-trx_sc_contact_form_7\" data-id=\"ddb5885\" data-element_type=\"widget\" data-widget_type=\"trx_sc_contact_form_7.default\">\n\t\t\t\t<div class=\"elementor-widget-container\">\n\t\t\t\t\t\n<div class=\"wpcf7 no-js\" id=\"wpcf7-f20169-o1\" lang=\"en-US\" dir=\"ltr\" data-wpcf7-id=\"20169\">\n<div class=\"screen-reader-response\"><p role=\"status\" aria-live=\"polite\" aria-atomic=\"true\"><\/p> <ul><\/ul><\/div>\n<form action=\"\/de\/wp-json\/wp\/v2\/pages\/20175#wpcf7-f20169-o1\" method=\"post\" class=\"wpcf7-form init\" aria-label=\"Contact form\" novalidate=\"novalidate\" data-status=\"init\">\n<fieldset class=\"hidden-fields-container\"><input type=\"hidden\" name=\"_wpcf7\" value=\"20169\" \/><input type=\"hidden\" name=\"_wpcf7_version\" value=\"6.1\" \/><input type=\"hidden\" name=\"_wpcf7_locale\" value=\"en_US\" \/><input type=\"hidden\" name=\"_wpcf7_unit_tag\" value=\"wpcf7-f20169-o1\" \/><input type=\"hidden\" name=\"_wpcf7_container_post\" value=\"0\" \/><input type=\"hidden\" name=\"_wpcf7_posted_data_hash\" value=\"\" \/>\n<\/fieldset>\n<div class=\"form-style-7\">\n\t<div class=\"columns_wrap\">\n\t\t<div class=\"column-1_2\">\n\t\t\t<p><span class=\"style-line\"><span class=\"wpcf7-form-control-wrap\" data-name=\"your-name\"><input size=\"40\" maxlength=\"400\" class=\"wpcf7-form-control wpcf7-text wpcf7-validates-as-required\" aria-required=\"true\" aria-invalid=\"false\" placeholder=\"Name\" value=\"\" type=\"text\" name=\"your-name\" \/><\/span><\/span>\n\t\t\t<\/p>\n\t\t<\/div>\n\t\t<div class=\"column-1_2\">\n\t\t\t<p><span class=\"style-line\"><span class=\"wpcf7-form-control-wrap\" data-name=\"your-email\"><input size=\"40\" maxlength=\"400\" class=\"wpcf7-form-control wpcf7-email wpcf7-validates-as-required wpcf7-text wpcf7-validates-as-email\" aria-required=\"true\" aria-invalid=\"false\" placeholder=\"E-Mail-Addresse\" value=\"\" type=\"email\" name=\"your-email\" \/><\/span><\/span>\n\t\t\t<\/p>\n\t\t<\/div>\n\t<\/div>\n\t<div class=\"columns_wrap\">\n\t\t<div class=\"column-1_2\">\n\t\t\t<p><span class=\"style-line\"><span class=\"wpcf7-form-control-wrap\" data-name=\"phone\"><input size=\"40\" maxlength=\"400\" class=\"wpcf7-form-control wpcf7-tel wpcf7-validates-as-required wpcf7-text wpcf7-validates-as-tel\" aria-required=\"true\" aria-invalid=\"false\" placeholder=\"Telefon\" value=\"\" type=\"tel\" name=\"phone\" \/><\/span><\/span>\n\t\t\t<\/p>\n\t\t<\/div>\n\t\t<div class=\"column-1_2\">\n\t\t\t<p><span class=\"style-line\"><span class=\"wpcf7-form-control-wrap\" data-name=\"subject\"><input size=\"40\" maxlength=\"400\" class=\"wpcf7-form-control wpcf7-text wpcf7-validates-as-required\" aria-required=\"true\" aria-invalid=\"false\" placeholder=\"E-Mail Betreff\" value=\"\" type=\"text\" name=\"subject\" \/><\/span><\/span>\n\t\t\t<\/p>\n\t\t<\/div>\n\t<\/div>\n\t<div class=\"columns_wrap margin-bottom\">\n\t\t<div class=\"column-1_1\">\n\t\t\t<p><span class=\"wpcf7-form-control-wrap\" data-name=\"your-recipient\"><select class=\"wpcf7-form-control wpcf7-select\" aria-invalid=\"false\" name=\"your-recipient\"><option value=\"Office\">Office<\/option><option value=\"Vermietung von Schiffen und Besatzung, Wassertransport\">Vermietung von Schiffen und Besatzung, Wassertransport<\/option><option value=\"Schiffsservice, Bau und Reparatur\">Schiffsservice, Bau und Reparatur<\/option><option value=\"Direktor: Dubi\u0161 J\u00e1n\">Direktor: Dubi\u0161 J\u00e1n<\/option><\/select><\/span>\n\t\t\t<\/p>\n\t\t<\/div>\n\t\t<div class=\"column-1_1\">\n\t\t\t<p><span class=\"style-line\"><span class=\"wpcf7-form-control-wrap\" data-name=\"your-message\"><textarea cols=\"40\" rows=\"10\" maxlength=\"2000\" class=\"wpcf7-form-control wpcf7-textarea wpcf7-validates-as-required\" aria-required=\"true\" aria-invalid=\"false\" placeholder=\"Wie k\u00f6nnen wir Ihnen helfen? Nehmen Sie Kontakt mit uns auf!\" name=\"your-message\"><\/textarea><\/span><\/span>\n\t\t\t<\/p>\n\t\t<\/div>\n\t<\/div>\n\t<p><input class=\"wpcf7-form-control wpcf7-submit has-spinner\" type=\"submit\" value=\"Senden\" \/><span class=\"wpcf7-form-control-wrap\" data-name=\"acceptance\"><span class=\"wpcf7-form-control wpcf7-acceptance\"><span class=\"wpcf7-list-item\"><label><input type=\"checkbox\" name=\"acceptance\" value=\"1\" aria-invalid=\"false\" \/><span class=\"wpcf7-list-item-label\">Ich stimme zu, dass meine Daten <a href=\"\/privacy-policy\/\">erhoben und gespeichert werden<\/a>.<\/span><\/label><\/span><\/span><\/span>\n\t<\/p>\n<\/div><div class=\"wpcf7-response-output\" aria-hidden=\"true\"><\/div>\n<\/form>\n<\/div>\n\t\t\t\t<\/div>\n\t\t\t\t<\/div>\n\t\t\t\t\t<\/div>\n\t\t<\/div>\n\t\t\t\t\t<\/div>\n\t\t<\/section>\n\t\t\t\t<div class=\"elementor-element elementor-element-29cf424 sc_height_huge sc_fly_static elementor-widget elementor-widget-spacer\" data-id=\"29cf424\" data-element_type=\"widget\" data-widget_type=\"spacer.default\">\n\t\t\t\t<div class=\"elementor-widget-container\">\n\t\t\t\t\t\t\t<div class=\"elementor-spacer\">\n\t\t\t<div class=\"elementor-spacer-inner\"><\/div>\n\t\t<\/div>\n\t\t\t\t\t\t<\/div>\n\t\t\t\t<\/div>\n\t\t\t\t\t<\/div>\n\t\t<\/div>\n\t\t\t\t\t<\/div>\n\t\t<\/section>\n\t\t\t\t<section class=\"elementor-section elementor-top-section elementor-element elementor-element-2da22c8 elementor-section-boxed elementor-section-height-default elementor-section-height-default sc_fly_static\" data-id=\"2da22c8\" data-element_type=\"section\">\n\t\t\t\t\t\t<div class=\"elementor-container elementor-column-gap-extended\">\n\t\t\t\t\t<div class=\"elementor-column elementor-col-100 elementor-top-column elementor-element elementor-element-a73499e sc_inner_width_none sc_content_align_inherit sc_layouts_column_icons_position_left sc_fly_static\" data-id=\"a73499e\" data-element_type=\"column\">\n\t\t\t<div class=\"elementor-widget-wrap elementor-element-populated\">\n\t\t\t\t\t\t<div class=\"elementor-element elementor-element-479c5a1 sc_fly_static elementor-widget elementor-widget-trx_sc_title\" data-id=\"479c5a1\" data-element_type=\"widget\" data-widget_type=\"trx_sc_title.default\">\n\t\t\t\t<div class=\"elementor-widget-container\">\n\t\t\t\t\t<div\t\tclass=\"sc_title sc_title_default\" ><span class=\"sc_item_subtitle sc_title_subtitle sc_align_center sc_item_subtitle_above sc_item_title_style_default\">Kontaktiere uns<\/span><h1 class=\"sc_item_title sc_title_title sc_align_center sc_item_title_style_default sc_item_title_tag\"\n\t\t\t><span class=\"sc_item_title_text\">Office<\/span><\/h1><\/div>\t\t\t\t<\/div>\n\t\t\t\t<\/div>\n\t\t\t\t\t<\/div>\n\t\t<\/div>\n\t\t\t\t\t<\/div>\n\t\t<\/section>\n\t\t\t\t<section class=\"elementor-section elementor-top-section elementor-element elementor-element-d3058d3 elementor-section-boxed elementor-section-height-default elementor-section-height-default sc_fly_static\" data-id=\"d3058d3\" data-element_type=\"section\">\n\t\t\t\t\t\t<div class=\"elementor-container elementor-column-gap-extended\">\n\t\t\t\t\t<div class=\"elementor-column elementor-col-25 elementor-top-column elementor-element elementor-element-57b519b sc_inner_width_none sc_content_align_inherit sc_layouts_column_icons_position_left sc_fly_static\" data-id=\"57b519b\" data-element_type=\"column\">\n\t\t\t<div class=\"elementor-widget-wrap elementor-element-populated\">\n\t\t\t\t\t\t<div class=\"elementor-element elementor-element-48c9d60 sc_fly_static elementor-widget elementor-widget-google_maps\" data-id=\"48c9d60\" data-element_type=\"widget\" data-widget_type=\"google_maps.default\">\n\t\t\t\t<div class=\"elementor-widget-container\">\n\t\t\t\t\t\t\t<div class=\"elementor-custom-embed\">\n\t\t\t<iframe loading=\"lazy\"\n\t\t\t\t\tsrc=\"https:\/\/maps.google.com\/maps?q=Var%C5%A1avsk%C3%A1%205%2C%20120%2000%20Vinohrady%2C%20%C4%8Cesko&#038;t=m&#038;z=10&#038;output=embed&#038;iwloc=near\"\n\t\t\t\t\ttitle=\"Var\u0161avsk\u00e1 5, 120 00 Vinohrady, \u010cesko\"\n\t\t\t\t\taria-label=\"Var\u0161avsk\u00e1 5, 120 00 Vinohrady, \u010cesko\"\n\t\t\t><\/iframe>\n\t\t<\/div>\n\t\t\t\t\t\t<\/div>\n\t\t\t\t<\/div>\n\t\t\t\t\t<\/div>\n\t\t<\/div>\n\t\t\t\t<div class=\"elementor-column elementor-col-25 elementor-top-column elementor-element elementor-element-c536300 sc_inner_width_none sc_content_align_inherit sc_layouts_column_icons_position_left sc_fly_static\" data-id=\"c536300\" data-element_type=\"column\">\n\t\t\t<div class=\"elementor-widget-wrap elementor-element-populated\">\n\t\t\t\t\t\t<div class=\"elementor-element elementor-element-16e6e82 sc_fly_static elementor-widget elementor-widget-google_maps\" data-id=\"16e6e82\" data-element_type=\"widget\" data-widget_type=\"google_maps.default\">\n\t\t\t\t<div class=\"elementor-widget-container\">\n\t\t\t\t\t\t\t<div class=\"elementor-custom-embed\">\n\t\t\t<iframe loading=\"lazy\"\n\t\t\t\t\tsrc=\"https:\/\/maps.google.com\/maps?q=48%C2%B007%2742.4%22N%2017%C2%B009%2722.2%22E&#038;t=m&#038;z=10&#038;output=embed&#038;iwloc=near\"\n\t\t\t\t\ttitle=\"48\u00b007&#039;42.4&quot;N 17\u00b009&#039;22.2&quot;E\"\n\t\t\t\t\taria-label=\"48\u00b007&#039;42.4&quot;N 17\u00b009&#039;22.2&quot;E\"\n\t\t\t><\/iframe>\n\t\t<\/div>\n\t\t\t\t\t\t<\/div>\n\t\t\t\t<\/div>\n\t\t\t\t\t<\/div>\n\t\t<\/div>\n\t\t\t\t<div class=\"elementor-column elementor-col-25 elementor-top-column elementor-element elementor-element-b483d89 sc_inner_width_none sc_content_align_inherit sc_layouts_column_icons_position_left sc_fly_static\" data-id=\"b483d89\" data-element_type=\"column\">\n\t\t\t<div class=\"elementor-widget-wrap elementor-element-populated\">\n\t\t\t\t\t\t<div class=\"elementor-element elementor-element-39d1ea5 sc_fly_static elementor-widget elementor-widget-google_maps\" data-id=\"39d1ea5\" data-element_type=\"widget\" data-widget_type=\"google_maps.default\">\n\t\t\t\t<div class=\"elementor-widget-container\">\n\t\t\t\t\t\t\t<div class=\"elementor-custom-embed\">\n\t\t\t<iframe loading=\"lazy\"\n\t\t\t\t\tsrc=\"https:\/\/maps.google.com\/maps?q=Kulikova%20St%2C%2025%2C%20Izmail%2C%20Odes%27ka%20oblast%2C%20Ukrajina%2C%2068601&#038;t=m&#038;z=10&#038;output=embed&#038;iwloc=near\"\n\t\t\t\t\ttitle=\"Kulikova St, 25, Izmail, Odes&#039;ka oblast, Ukrajina, 68601\"\n\t\t\t\t\taria-label=\"Kulikova St, 25, Izmail, Odes&#039;ka oblast, Ukrajina, 68601\"\n\t\t\t><\/iframe>\n\t\t<\/div>\n\t\t\t\t\t\t<\/div>\n\t\t\t\t<\/div>\n\t\t\t\t\t<\/div>\n\t\t<\/div>\n\t\t\t\t<div class=\"elementor-column elementor-col-25 elementor-top-column elementor-element elementor-element-ab98340 sc_inner_width_none sc_content_align_inherit sc_layouts_column_icons_position_left sc_fly_static\" data-id=\"ab98340\" data-element_type=\"column\">\n\t\t\t<div class=\"elementor-widget-wrap elementor-element-populated\">\n\t\t\t\t\t\t<div class=\"elementor-element elementor-element-2f521f7 sc_fly_static elementor-widget elementor-widget-google_maps\" data-id=\"2f521f7\" data-element_type=\"widget\" data-widget_type=\"google_maps.default\">\n\t\t\t\t<div class=\"elementor-widget-container\">\n\t\t\t\t\t\t\t<div class=\"elementor-custom-embed\">\n\t\t\t<iframe loading=\"lazy\"\n\t\t\t\t\tsrc=\"https:\/\/maps.google.com\/maps?q=ul.%20%22General%20Skobelev%22%202%2C%203703%20Kaleto%2C%20Vidin%2C%20Bulharsko&#038;t=m&#038;z=10&#038;output=embed&#038;iwloc=near\"\n\t\t\t\t\ttitle=\"ul. &quot;General Skobelev&quot; 2, 3703 Kaleto, Vidin, Bulharsko\"\n\t\t\t\t\taria-label=\"ul. &quot;General Skobelev&quot; 2, 3703 Kaleto, Vidin, Bulharsko\"\n\t\t\t><\/iframe>\n\t\t<\/div>\n\t\t\t\t\t\t<\/div>\n\t\t\t\t<\/div>\n\t\t\t\t\t<\/div>\n\t\t<\/div>\n\t\t\t\t\t<\/div>\n\t\t<\/section>\n\t\t\t\t<\/div>\n\t\t","protected":false},"excerpt":{"rendered":"<p>Kontaktiere uns Habe Fragen? In Kontakt kommen! Wenn Sie an unseren Dienstleistungen interessiert sind, kontaktieren Sie uns bitte. Slowakei +421 903 701 132 transport@jdk-shipservice.comoffice@jdk-shipservice.comship@jdk-shipservice.comdubis@jdk-shipservice.com OfficeVermietung von Schiffen und Besatzung, WassertransportSchiffsservice,&hellip;<\/p>\n","protected":false},"author":1,"featured_media":0,"parent":0,"menu_order":0,"comment_status":"closed","ping_status":"closed","template":"","meta":{"footnotes":""},"class_list":["post-20175","page","type-page","status-publish","hentry"],"yoast_head":"<!-- This site is optimized with the Yoast SEO plugin v25.6 - https:\/\/yoast.com\/wordpress\/plugins\/seo\/ -->\n<title>Kontaktiere uns - JDK<\/title>\n<meta name=\"robots\" content=\"index, follow, max-snippet:-1, max-image-preview:large, max-video-preview:-1\" \/>\n<link rel=\"canonical\" href=\"https:\/\/jdk-shipservice.com\/de\/kontaktiere-uns\/\" \/>\n<meta property=\"og:locale\" content=\"de_DE\" \/>\n<meta property=\"og:type\" content=\"article\" \/>\n<meta property=\"og:title\" content=\"Kontaktiere uns - JDK\" \/>\n<meta property=\"og:description\" content=\"Kontaktiere uns Habe Fragen? In Kontakt kommen! Wenn Sie an unseren Dienstleistungen interessiert sind, kontaktieren Sie uns bitte. Slowakei +421 903 701 132 transport@jdk-shipservice.comoffice@jdk-shipservice.comship@jdk-shipservice.comdubis@jdk-shipservice.com OfficeVermietung von Schiffen und Besatzung, WassertransportSchiffsservice,&hellip;\" \/>\n<meta property=\"og:url\" content=\"https:\/\/jdk-shipservice.com\/de\/kontaktiere-uns\/\" \/>\n<meta property=\"og:site_name\" content=\"JDK\" \/>\n<meta property=\"article:modified_time\" content=\"2022-12-12T00:39:04+00:00\" \/>\n<meta name=\"twitter:card\" content=\"summary_large_image\" \/>\n<script type=\"application\/ld+json\" class=\"yoast-schema-graph\">{\"@context\":\"https:\/\/schema.org\",\"@graph\":[{\"@type\":\"WebPage\",\"@id\":\"https:\/\/jdk-shipservice.com\/de\/kontaktiere-uns\/\",\"url\":\"https:\/\/jdk-shipservice.com\/de\/kontaktiere-uns\/\",\"name\":\"Kontaktiere uns - JDK\",\"isPartOf\":{\"@id\":\"https:\/\/jdk-shipservice.com\/de\/#website\"},\"datePublished\":\"2022-09-13T07:24:25+00:00\",\"dateModified\":\"2022-12-12T00:39:04+00:00\",\"breadcrumb\":{\"@id\":\"https:\/\/jdk-shipservice.com\/de\/kontaktiere-uns\/#breadcrumb\"},\"inLanguage\":\"de\",\"potentialAction\":[{\"@type\":\"ReadAction\",\"target\":[\"https:\/\/jdk-shipservice.com\/de\/kontaktiere-uns\/\"]}]},{\"@type\":\"BreadcrumbList\",\"@id\":\"https:\/\/jdk-shipservice.com\/de\/kontaktiere-uns\/#breadcrumb\",\"itemListElement\":[{\"@type\":\"ListItem\",\"position\":1,\"name\":\"Home\",\"item\":\"https:\/\/jdk-shipservice.com\/de\/\"},{\"@type\":\"ListItem\",\"position\":2,\"name\":\"Kontaktiere uns\"}]},{\"@type\":\"WebSite\",\"@id\":\"https:\/\/jdk-shipservice.com\/de\/#website\",\"url\":\"https:\/\/jdk-shipservice.com\/de\/\",\"name\":\"JDK ship service\",\"description\":\"Ship service\",\"publisher\":{\"@id\":\"https:\/\/jdk-shipservice.com\/de\/#organization\"},\"potentialAction\":[{\"@type\":\"SearchAction\",\"target\":{\"@type\":\"EntryPoint\",\"urlTemplate\":\"https:\/\/jdk-shipservice.com\/de\/?s={search_term_string}\"},\"query-input\":{\"@type\":\"PropertyValueSpecification\",\"valueRequired\":true,\"valueName\":\"search_term_string\"}}],\"inLanguage\":\"de\"},{\"@type\":\"Organization\",\"@id\":\"https:\/\/jdk-shipservice.com\/de\/#organization\",\"name\":\"JDK ship service\",\"url\":\"https:\/\/jdk-shipservice.com\/de\/\",\"logo\":{\"@type\":\"ImageObject\",\"inLanguage\":\"de\",\"@id\":\"https:\/\/jdk-shipservice.com\/de\/#\/schema\/logo\/image\/\",\"url\":\"https:\/\/jdk-shipservice.com\/wp-content\/uploads\/2022\/12\/JDKLogo2.png\",\"contentUrl\":\"https:\/\/jdk-shipservice.com\/wp-content\/uploads\/2022\/12\/JDKLogo2.png\",\"width\":178,\"height\":72,\"caption\":\"JDK ship service\"},\"image\":{\"@id\":\"https:\/\/jdk-shipservice.com\/de\/#\/schema\/logo\/image\/\"}}]}<\/script>\n<!-- \/ Yoast SEO plugin. -->","yoast_head_json":{"title":"Kontaktiere uns - JDK","robots":{"index":"index","follow":"follow","max-snippet":"max-snippet:-1","max-image-preview":"max-image-preview:large","max-video-preview":"max-video-preview:-1"},"canonical":"https:\/\/jdk-shipservice.com\/de\/kontaktiere-uns\/","og_locale":"de_DE","og_type":"article","og_title":"Kontaktiere uns - JDK","og_description":"Kontaktiere uns Habe Fragen? In Kontakt kommen! Wenn Sie an unseren Dienstleistungen interessiert sind, kontaktieren Sie uns bitte. Slowakei +421 903 701 132 transport@jdk-shipservice.comoffice@jdk-shipservice.comship@jdk-shipservice.comdubis@jdk-shipservice.com OfficeVermietung von Schiffen und Besatzung, WassertransportSchiffsservice,&hellip;","og_url":"https:\/\/jdk-shipservice.com\/de\/kontaktiere-uns\/","og_site_name":"JDK","article_modified_time":"2022-12-12T00:39:04+00:00","twitter_card":"summary_large_image","schema":{"@context":"https:\/\/schema.org","@graph":[{"@type":"WebPage","@id":"https:\/\/jdk-shipservice.com\/de\/kontaktiere-uns\/","url":"https:\/\/jdk-shipservice.com\/de\/kontaktiere-uns\/","name":"Kontaktiere uns - JDK","isPartOf":{"@id":"https:\/\/jdk-shipservice.com\/de\/#website"},"datePublished":"2022-09-13T07:24:25+00:00","dateModified":"2022-12-12T00:39:04+00:00","breadcrumb":{"@id":"https:\/\/jdk-shipservice.com\/de\/kontaktiere-uns\/#breadcrumb"},"inLanguage":"de","potentialAction":[{"@type":"ReadAction","target":["https:\/\/jdk-shipservice.com\/de\/kontaktiere-uns\/"]}]},{"@type":"BreadcrumbList","@id":"https:\/\/jdk-shipservice.com\/de\/kontaktiere-uns\/#breadcrumb","itemListElement":[{"@type":"ListItem","position":1,"name":"Home","item":"https:\/\/jdk-shipservice.com\/de\/"},{"@type":"ListItem","position":2,"name":"Kontaktiere uns"}]},{"@type":"WebSite","@id":"https:\/\/jdk-shipservice.com\/de\/#website","url":"https:\/\/jdk-shipservice.com\/de\/","name":"JDK ship service","description":"Ship service","publisher":{"@id":"https:\/\/jdk-shipservice.com\/de\/#organization"},"potentialAction":[{"@type":"SearchAction","target":{"@type":"EntryPoint","urlTemplate":"https:\/\/jdk-shipservice.com\/de\/?s={search_term_string}"},"query-input":{"@type":"PropertyValueSpecification","valueRequired":true,"valueName":"search_term_string"}}],"inLanguage":"de"},{"@type":"Organization","@id":"https:\/\/jdk-shipservice.com\/de\/#organization","name":"JDK ship service","url":"https:\/\/jdk-shipservice.com\/de\/","logo":{"@type":"ImageObject","inLanguage":"de","@id":"https:\/\/jdk-shipservice.com\/de\/#\/schema\/logo\/image\/","url":"https:\/\/jdk-shipservice.com\/wp-content\/uploads\/2022\/12\/JDKLogo2.png","contentUrl":"https:\/\/jdk-shipservice.com\/wp-content\/uploads\/2022\/12\/JDKLogo2.png","width":178,"height":72,"caption":"JDK ship service"},"image":{"@id":"https:\/\/jdk-shipservice.com\/de\/#\/schema\/logo\/image\/"}}]}},"_links":{"self":[{"href":"https:\/\/jdk-shipservice.com\/de\/wp-json\/wp\/v2\/pages\/20175","targetHints":{"allow":["GET"]}}],"collection":[{"href":"https:\/\/jdk-shipservice.com\/de\/wp-json\/wp\/v2\/pages"}],"about":[{"href":"https:\/\/jdk-shipservice.com\/de\/wp-json\/wp\/v2\/types\/page"}],"author":[{"embeddable":true,"href":"https:\/\/jdk-shipservice.com\/de\/wp-json\/wp\/v2\/users\/1"}],"replies":[{"embeddable":true,"href":"https:\/\/jdk-shipservice.com\/de\/wp-json\/wp\/v2\/comments?post=20175"}],"version-history":[{"count":5,"href":"https:\/\/jdk-shipservice.com\/de\/wp-json\/wp\/v2\/pages\/20175\/revisions"}],"predecessor-version":[{"id":20191,"href":"https:\/\/jdk-shipservice.com\/de\/wp-json\/wp\/v2\/pages\/20175\/revisions\/20191"}],"wp:attachment":[{"href":"https:\/\/jdk-shipservice.com\/de\/wp-json\/wp\/v2\/media?parent=20175"}],"curies":[{"name":"wp","href":"https:\/\/api.w.org\/{rel}","templated":true}]}}